{"id":27,"date":"2021-05-19T15:06:27","date_gmt":"2021-05-19T13:06:27","guid":{"rendered":"http:\/\/rozett.bc.cas.cz\/en\/?page_id=27"},"modified":"2022-01-19T13:21:10","modified_gmt":"2022-01-19T12:21:10","slug":"contact","status":"publish","type":"page","link":"https:\/\/bctt.cz\/en\/contact\/","title":{"rendered":"Contact"},"content":{"rendered":"\n<h2 class=\"wp-block-heading\">Biology Centre CAS<\/h2>\n\n\n\n<p><strong>Technology Transfer Office<\/strong><\/p>\n\n\n\n<p>Brani\u0161ovsk\u00e1 1160\/31, 37005 \u010cesk\u00e9 Bud\u011bjovice<br>Phone: <a class=\"rank-math-link\" href=\"tel:+420 387 775 060\">+420&nbsp;387&nbsp;775 060<\/a><br>E-mail: <a class=\"rank-math-link\" href=\"mailto:utt@bc.cas.cz\">utt@bc.cas.cz<\/a><\/p>\n\n\n\n<figure class=\"wp-block-image size-large\"><a href=\"https:\/\/en.mapy.cz\/s\/refagolege\" target=\"_blank\" rel=\"noopener\"><img decoding=\"async\" src=\"https:\/\/bctt.cz\/wp-content\/uploads\/image-1-1024x563.png\" alt=\"\" class=\"wp-image-491\"\/><\/a><figcaption>Click to open map on Mapy.cz<\/figcaption><\/figure>\n\n\n\n<h3 class=\"wp-block-heading\">Our team<\/h3>\n","protected":false},"excerpt":{"rendered":"<p>Biology Centre CAS Technology Transfer Office Brani\u0161ovsk\u00e1 1160\/31, 37005 \u010cesk\u00e9 Bud\u011bjovicePhone: +420&nbsp;387&nbsp;775 060E-mail: utt@bc.cas.cz Our team<\/p>\n","protected":false},"author":1,"featured_media":77,"parent":0,"menu_order":0,"comment_status":"closed","ping_status":"closed","template":"","meta":{"_acf_changed":false,"footnotes":""},"class_list":["post-27","page","type-page","status-publish","has-post-thumbnail","hentry"],"acf":[],"_links":{"self":[{"href":"https:\/\/bctt.cz\/en\/wp-json\/wp\/v2\/pages\/27","targetHints":{"allow":["GET"]}}],"collection":[{"href":"https:\/\/bctt.cz\/en\/wp-json\/wp\/v2\/pages"}],"about":[{"href":"https:\/\/bctt.cz\/en\/wp-json\/wp\/v2\/types\/page"}],"author":[{"embeddable":true,"href":"https:\/\/bctt.cz\/en\/wp-json\/wp\/v2\/users\/1"}],"replies":[{"embeddable":true,"href":"https:\/\/bctt.cz\/en\/wp-json\/wp\/v2\/comments?post=27"}],"version-history":[{"count":26,"href":"https:\/\/bctt.cz\/en\/wp-json\/wp\/v2\/pages\/27\/revisions"}],"predecessor-version":[{"id":547,"href":"https:\/\/bctt.cz\/en\/wp-json\/wp\/v2\/pages\/27\/revisions\/547"}],"wp:featuredmedia":[{"embeddable":true,"href":"https:\/\/bctt.cz\/en\/wp-json\/wp\/v2\/media\/77"}],"wp:attachment":[{"href":"https:\/\/bctt.cz\/en\/wp-json\/wp\/v2\/media?parent=27"}],"curies":[{"name":"wp","href":"https:\/\/api.w.org\/{rel}","templated":true}]}}