{"id":256,"date":"2021-05-28T14:46:34","date_gmt":"2021-05-28T12:46:34","guid":{"rendered":"http:\/\/rozett.bc.cas.cz\/en\/?page_id=256"},"modified":"2021-06-20T23:18:03","modified_gmt":"2021-06-20T21:18:03","slug":"accessibility-statement","status":"publish","type":"page","link":"https:\/\/bctt.cz\/en\/accessibility-statement\/","title":{"rendered":"Accessibility statement"},"content":{"rendered":"\n<h2 class=\"wp-block-heading\">Povinn\u00e9 po\u017eadavky na obsah<\/h2>\n\n\n\n<p>Provozovatel tohoto webu se zavazuje ke zp\u0159\u00edstupn\u011bn\u00ed obsahu t\u00e9to webov\u00e9 prezentace v souladu se sm\u011brnic\u00ed Evropsk\u00e9ho parlamentu a Rady (EU) 2016\/2102, d\u00e1le v souladu se z\u00e1konem \u010d. 99\/2019 Sb., o p\u0159\u00edstupnosti internetov\u00fdch str\u00e1nek a mobiln\u00edch aplikac\u00ed a o zm\u011bn\u011b z\u00e1kona \u010d. 365\/2000 Sb., o informa\u010dn\u00edch syst\u00e9mech ve\u0159ejn\u00e9 spr\u00e1vy a o zm\u011bn\u011b n\u011bkter\u00fdch dal\u0161\u00edch z\u00e1kon\u016f ve zn\u011bn\u00ed pozd\u011bj\u0161\u00edch p\u0159edpis\u016f.<br>Toto prohl\u00e1\u0161en\u00ed o p\u0159\u00edstupnosti se vztahuje na tuto dom\u00e9nu - rozett.cz<\/p>\n\n\n\n<h2 class=\"wp-block-heading\">Stav souladu<\/h2>\n\n\n\n<p>Tyto internetov\u00e9 str\u00e1nky jsou v souladu s v\u00fd\u0161e uveden\u00fdmi p\u0159edpisy a d\u00e1le s EN 301 549 V2 1.2 a standardem WCAG 2.1 s v\u00fdjimkami uveden\u00fdmi n\u00ed\u017ee.<\/p>\n\n\n\n<p>N\u011bkter\u00e9 dokumenty p\u0159ich\u00e1zej\u00ed pro uve\u0159ejn\u011bn\u00ed na web ji\u017e nep\u0159\u00edstupn\u00e9 (z jin\u00fdch \u00fa\u0159ad\u016f, vygenerovan\u00e9 \u00fa\u010detn\u00edm syst\u00e9mem apod.). Provozovatel webu m\u00e1 nicm\u00e9n\u011b povinnost je zve\u0159ejnit, tak\u017ee tak \u010din\u00ed. Podobn\u011b n\u011bkter\u00e1 star\u0161\u00ed fota \u010di fotoalba ve fotogaleri\u00edch postr\u00e1daj\u00ed alternativn\u00ed textov\u00fd popis. N\u011bkter\u00e1 videa vlo\u017een\u00e1 p\u0159\u00edmo na web mohou postr\u00e1dat titulky. Uveden\u00ed t\u011bchto nedostatk\u016f do souladu se z\u00e1konem a s pravidly p\u0159\u00edstupnosti by v tomto p\u0159\u00edpad\u011b bylo pro provozovatele finan\u010dn\u011b n\u00e1ro\u010dn\u00e9, tak\u017ee podle \u00a7 7&nbsp;<a href=\"https:\/\/aplikace.mvcr.cz\/sbirka-zakonu\/SearchResult.aspx?q=365\/2000&amp;typeLaw=zakon&amp;what=Cislo_zakona_smlouvy\" target=\"_blank\" rel=\"noreferrer noopener\">z\u00e1kona 356\/2000 Sb.<\/a>&nbsp;ve zn\u011bn\u00edch pozd\u011bj\u0161\u00edch p\u0159edpis\u016f toto nen\u00ed dodate\u010dn\u011b upravov\u00e1no.<\/p>\n\n\n\n<p>N\u011bkter\u00e9 informace na tomto webu jsou nab\u00edzeny v podob\u011b dokument\u016f form\u00e1tu PDF. Pro zobrazen\u00ed takov\u00fdch dokument\u016f je t\u0159eba m\u00edt nainstalovan\u00fd prohl\u00ed\u017ee\u010d Adobe Reader, kter\u00fd je zdarma ke sta\u017een\u00ed z internetov\u00e9ho serveru spole\u010dnosti Adobe. P\u0159\u00edpadn\u011b n\u011bkter\u00fd z alternativn\u00edch prohl\u00ed\u017ee\u010d\u016f (Foxit Reader, PDF-XChange Viewer a mnoho dal\u0161\u00edch). V\u011bt\u0161ina dokument\u016f ve form\u00e1tu PDF jde tak\u00e9 p\u0159\u00edmo zobrazit v b\u011b\u017en\u00fdch prohl\u00ed\u017ee\u010d\u00edch. D\u00e1le zde mohou b\u00fdt dokumenty ve form\u00e1tu MS Office, p\u0159\u00edpadn\u011b podobn\u00fdch kancel\u00e1\u0159sk\u00fdch aplikac\u00ed (ve form\u00e1tech .doc, .docx, .odt, .xls, .xlsx, .ods a podobn\u00fdch). Takov\u00e9to soubory dok\u00e1\u017ee zobrazit a editovat v\u011bt\u0161ina b\u011b\u017en\u011b pou\u017e\u00edvan\u00fdch textov\u00fdch editor\u016f (MS Office, Libre Office, Open Office). V n\u011bkter\u00fdch p\u0159\u00edpadech se mohou zobrazovat p\u0159\u00edmo v prohl\u00ed\u017ee\u010di v p\u0159\u00edstupn\u00e9 form\u011b.<br><br><strong>Toto prohl\u00e1\u0161en\u00ed bylo vypracov\u00e1no dne 1. 9. 2019<\/strong><\/p>\n\n\n\n<p>Toto prohl\u00e1\u0161en\u00ed bylo vypracov\u00e1no posouzen\u00edm proveden\u00fdm t\u0159et\u00ed stranou \u2013 technick\u00fdm provozovatelem t\u011bchto internetov\u00fdch str\u00e1nek (Ale\u0161 S\u00fdkora I\u010cO:&nbsp;05676592). Pro vypracov\u00e1n\u00ed prohl\u00e1\u0161en\u00ed byly pou\u017eity v\u00fd\u0161e uveden\u00e9 z\u00e1kony a legislativn\u00ed normy a metodick\u00fd pokyn MV\u010cR k tomuto z\u00e1konu, d\u00e1le normy EN 301 549 V2 1.2 a mezin\u00e1rodn\u011b uzn\u00e1van\u00e9 standardy Web Content Accessibility Guidelines \u2013 WCAG 2.1.<\/p>\n\n\n\n<h2 class=\"wp-block-heading\">Zp\u011btn\u00e1 vazba a kontaktn\u00ed \u00fadaje<\/h2>\n\n\n\n<p><strong>Kontakt na provozovatele:<\/strong><\/p>\n\n\n\n<p>Va\u0161e p\u0159\u00edpadn\u00e9 n\u00e1m\u011bty \u010di informace o probl\u00e9mech p\u0159i zobrazovan\u00ed t\u011bchto str\u00e1nek m\u016f\u017eete zaslat na adresu:<\/p>\n\n\n\n<p>info@alessykora.cz<\/p>\n\n\n\n<p><strong>Kontakt na dodavatele technick\u00e9ho \u0159e\u0161en\u00ed:<\/strong><\/p>\n\n\n\n<p>info@alessykora.cz<\/p>\n\n\n\n<h3 class=\"wp-block-heading\">Postupy pro prosazov\u00e1n\u00ed pr\u00e1va<\/h3>\n\n\n\n<p>V p\u0159\u00edpad\u011b neuspokojiv\u00e9 odpov\u011bdi na ozn\u00e1men\u00ed nebo \u017e\u00e1dost zaslanou v souladu s \u010dl. 7 odst. 1 p\u00edsm. b) sm\u011brnice, kontaktujte p\u0159\u00edslu\u0161n\u00fd org\u00e1n pro prosazov\u00e1n\u00ed pr\u00e1va:<br><br>Ministerstvo vnitra<br>odbor eGovernmentu<br>n\u00e1m\u011bst\u00ed Hrdin\u016f 1634\/3<br>140 21 Praha 4<br>e-mail:&nbsp;<a href=\"mailto:pristupnost@mvcr.cz\">pristupnost@mvcr.cz<\/a><\/p>\n","protected":false},"excerpt":{"rendered":"<p>Povinn\u00e9 po\u017eadavky na obsah Provozovatel tohoto webu se zavazuje ke zp\u0159\u00edstupn\u011bn\u00ed obsahu t\u00e9to webov\u00e9 prezentace v souladu se sm\u011brnic\u00ed Evropsk\u00e9ho parlamentu a Rady (EU) 2016\/2102, d\u00e1le v souladu se z\u00e1konem \u010d. 99\/2019 Sb., o p\u0159\u00edstupnosti internetov\u00fdch str\u00e1nek a mobiln\u00edch aplikac\u00ed a o zm\u011bn\u011b z\u00e1kona \u010d. 365\/2000 Sb., o informa\u010dn\u00edch syst\u00e9mech ve\u0159ejn\u00e9 spr\u00e1vy a o zm\u011bn\u011b [&hellip;]<\/p>\n","protected":false},"author":1,"featured_media":0,"parent":0,"menu_order":0,"comment_status":"closed","ping_status":"closed","template":"","meta":{"_acf_changed":false,"footnotes":""},"class_list":["post-256","page","type-page","status-publish","hentry"],"acf":[],"_links":{"self":[{"href":"https:\/\/bctt.cz\/en\/wp-json\/wp\/v2\/pages\/256","targetHints":{"allow":["GET"]}}],"collection":[{"href":"https:\/\/bctt.cz\/en\/wp-json\/wp\/v2\/pages"}],"about":[{"href":"https:\/\/bctt.cz\/en\/wp-json\/wp\/v2\/types\/page"}],"author":[{"embeddable":true,"href":"https:\/\/bctt.cz\/en\/wp-json\/wp\/v2\/users\/1"}],"replies":[{"embeddable":true,"href":"https:\/\/bctt.cz\/en\/wp-json\/wp\/v2\/comments?post=256"}],"version-history":[{"count":2,"href":"https:\/\/bctt.cz\/en\/wp-json\/wp\/v2\/pages\/256\/revisions"}],"predecessor-version":[{"id":390,"href":"https:\/\/bctt.cz\/en\/wp-json\/wp\/v2\/pages\/256\/revisions\/390"}],"wp:attachment":[{"href":"https:\/\/bctt.cz\/en\/wp-json\/wp\/v2\/media?parent=256"}],"curies":[{"name":"wp","href":"https:\/\/api.w.org\/{rel}","templated":true}]}}